{"id":7,"date":"2022-01-17T20:58:20","date_gmt":"2022-01-17T20:58:20","guid":{"rendered":"https:\/\/katarzynapisarek.pl\/?page_id=7"},"modified":"2025-02-14T14:31:22","modified_gmt":"2025-02-14T13:31:22","slug":"kontakt","status":"publish","type":"page","link":"https:\/\/katarzynapisarek.pl\/de\/kontakt\/","title":{"rendered":"Kontakt"},"content":{"rendered":"<p class=\"has-medium-font-size\">Jeder Text ist einzigartig. Jeder Dolmetschauftrag ist ein Einzelfall. Jede \u00dcbersetzung bzw. Dolmetschen erfordert daher auch einen individuellen Ansatz. F\u00fcr ein unverbindliches Angebot k\u00f6nnen Sie mich gerne kontaktieren:<\/p>\n\n\n\n<p><\/p>\n\n\n\n<p class=\"has-medium-font-size\"><strong>Katarzyna Pisarek<\/strong><br>beeidigte \u00dcbersetzerin und Dolmetscherin f\u00fcr Deutsch und Polnisch   \u00b7    Warszawa Powi\u015ble \/ Polen<\/p>\n\n\n\n<p class=\"has-medium-font-size\"><strong>\u2709<\/strong> katarzyna.pisarek@protonmail.com<\/p>\n\n\n\n<p class=\"has-medium-font-size\">\ud83d\udd7f +48 608 441 015<\/p>\n\n\n\n<hr class=\"wp-block-separator has-alpha-channel-opacity is-style-dots\"\/>\n\n\n\n<p style=\"font-size:17px\"><strong>oder \u00fcber das Kontaktformular:<\/strong><\/p>\n\n\n<div class=\"wpforms-container wpforms-container-full\" id=\"wpforms-273\"><form id=\"wpforms-form-273\" class=\"wpforms-validate wpforms-form wpforms-ajax-form\" data-formid=\"273\" method=\"post\" enctype=\"multipart\/form-data\" action=\"\/de\/wp-json\/wp\/v2\/pages\/7\" data-token=\"9eba3e059ec9a0c4b8b627baa732b7b8\" data-token-time=\"1776427459\" data-trp-original-action=\"\/de\/wp-json\/wp\/v2\/pages\/7\"><noscript class=\"wpforms-error-noscript\">Bitte aktiviere JavaScript in deinem Browser, um dieses Formular fertigzustellen.<\/noscript><div class=\"wpforms-field-container\"><div id=\"wpforms-273-field_4-container\" class=\"wpforms-field wpforms-field-name\" data-field-id=\"4\"><label class=\"wpforms-field-label\">Vor- und Nachname <span class=\"wpforms-required-label\">*<\/span><\/label><div class=\"wpforms-field-row wpforms-field-medium\"><div class=\"wpforms-field-row-block wpforms-first wpforms-one-half\"><input type=\"text\" id=\"wpforms-273-field_4\" class=\"wpforms-field-name-first wpforms-field-required\" name=\"wpforms[fields][4][first]\" required><label for=\"wpforms-273-field_4\" class=\"wpforms-field-sublabel after\">Vorname<\/label><\/div><div class=\"wpforms-field-row-block wpforms-one-half\"><input type=\"text\" id=\"wpforms-273-field_4-last\" class=\"wpforms-field-name-last wpforms-field-required\" name=\"wpforms[fields][4][last]\" required><label for=\"wpforms-273-field_4-last\" class=\"wpforms-field-sublabel after\">Nachname<\/label><\/div><\/div><\/div><div id=\"wpforms-273-field_1-container\" class=\"wpforms-field wpforms-field-email\" data-field-id=\"1\"><label class=\"wpforms-field-label\" for=\"wpforms-273-field_1\">E-Mail <span class=\"wpforms-required-label\">*<\/span><\/label><input type=\"email\" id=\"wpforms-273-field_1\" class=\"wpforms-field-medium wpforms-field-required\" name=\"wpforms[fields][1]\" spellcheck=\"false\" required><\/div><div id=\"wpforms-273-field_2-container\" class=\"wpforms-field wpforms-field-textarea\" data-field-id=\"2\"><label class=\"wpforms-field-label\" for=\"wpforms-273-field_2\">Nachricht <span class=\"wpforms-required-label\">*<\/span><\/label><textarea id=\"wpforms-273-field_2\" class=\"wpforms-field-medium wpforms-field-required\" name=\"wpforms[fields][2]\" required><\/textarea><\/div><div id=\"wpforms-273-field_5-container\" class=\"wpforms-field wpforms-field-checkbox\" data-field-id=\"5\"><ul id=\"wpforms-273-field_5\" class=\"wpforms-field-required\"><li class=\"choice-1 depth-1\"><input type=\"checkbox\" id=\"wpforms-273-field_5_1\" name=\"wpforms[fields][5][]\" value=\"Wyra\u017cam zgod\u0119 na przetwarzanie moich danych osobowych zgodnie z ustaw\u0105 o ochronie danych osobowych w celu umo\u017cliwienia kontaktu drog\u0105 elektroniczn\u0105 poprzez formularz kontaktowy. Administratorem danych jest Katarzyna Pisarek - T\u0142umacz przysi\u0119g\u0142y j\u0119zyka niemieckiego.\" required><label class=\"wpforms-field-label-inline\" for=\"wpforms-273-field_5_1\">Ich willige in die Verarbeitung meiner personenbezogenen Daten gem\u00e4\u00df dem Datenschutzgesetz ein, um die Kontaktaufnahme auf elektronischem Wege \u00fcber das Kontaktformular zu erm\u00f6glichen. Verantwortlich f\u00fcr die Datenverarbeitung ist Katarzyna Pisarek \u2013 beeidigte \u00dcbersetzerin f\u00fcr Deutsch und Polnisch.<\/label><\/li><\/ul><div class=\"wpforms-field-description\">Die Einwilligung kann jederzeit widerrufen werden (katarzyna.pisarek@protonmail.com), ohne dass dadurch die bis zum Widerruf erfolgte Verarbeitung beeintr\u00e4chtigt wird.<\/div><\/div><\/div><!-- .wpforms-field-container --><div class=\"wpforms-submit-container\" ><input type=\"hidden\" name=\"wpforms[id]\" value=\"273\"><input type=\"hidden\" name=\"page_title\" value=\"\"><input type=\"hidden\" name=\"page_url\" value=\"https:\/\/katarzynapisarek.pl\/de\/wp-json\/wp\/v2\/pages\/7\"><button type=\"submit\" name=\"wpforms[submit]\" id=\"wpforms-submit-273\" class=\"wpforms-submit\" data-alt-text=\"Wysy\u0142anie...\" data-submit-text=\"Wy\u015blij\" aria-live=\"assertive\" value=\"wpforms-submit\">Senden<\/button><img loading=\"lazy\" decoding=\"async\" src=\"https:\/\/katarzynapisarek.pl\/wp-content\/plugins\/wpforms-lite\/assets\/images\/submit-spin.svg\" class=\"wpforms-submit-spinner\" style=\"display: none;\" width=\"26\" height=\"26\" alt=\"Wird geladen\"><\/div><input type=\"hidden\" name=\"trp-form-language\" value=\"de\"\/><\/form><\/div>  <!-- .wpforms-container -->\n\n\n\n<hr class=\"wp-block-separator has-css-opacity is-style-dots\"\/>","protected":false},"excerpt":{"rendered":"<p>Ka\u017cdy tekst jest inny. Ka\u017cde zlecenie t\u0142umaczenia ustnego jest odmienne. Ka\u017cde t\u0142umaczenie wymaga zatem r\u00f3wnie\u017c indywidualnego podej\u015bcia. W sprawie wyceny zapraszam do kontaktu: Katarzyna PisarekT\u0142umacz przysi\u0119g\u0142y j\u0119zyka niemieckiego \u2022 Warszawa Powi\u015ble \u2709 katarzyna.pisarek@protonmail.com \ud83d\udd7f +48 608 441 015 lub przez formularz kontaktowy:<\/p>","protected":false},"author":1,"featured_media":0,"parent":0,"menu_order":0,"comment_status":"closed","ping_status":"closed","template":"","meta":{"footnotes":""},"_links":{"self":[{"href":"https:\/\/katarzynapisarek.pl\/de\/wp-json\/wp\/v2\/pages\/7"}],"collection":[{"href":"https:\/\/katarzynapisarek.pl\/de\/wp-json\/wp\/v2\/pages"}],"about":[{"href":"https:\/\/katarzynapisarek.pl\/de\/wp-json\/wp\/v2\/types\/page"}],"author":[{"embeddable":true,"href":"https:\/\/katarzynapisarek.pl\/de\/wp-json\/wp\/v2\/users\/1"}],"replies":[{"embeddable":true,"href":"https:\/\/katarzynapisarek.pl\/de\/wp-json\/wp\/v2\/comments?post=7"}],"version-history":[{"count":10,"href":"https:\/\/katarzynapisarek.pl\/de\/wp-json\/wp\/v2\/pages\/7\/revisions"}],"predecessor-version":[{"id":295,"href":"https:\/\/katarzynapisarek.pl\/de\/wp-json\/wp\/v2\/pages\/7\/revisions\/295"}],"wp:attachment":[{"href":"https:\/\/katarzynapisarek.pl\/de\/wp-json\/wp\/v2\/media?parent=7"}],"curies":[{"name":"wp","href":"https:\/\/api.w.org\/{rel}","templated":true}]}}