{"id":134,"date":"2022-09-04T17:40:07","date_gmt":"2022-09-04T17:40:07","guid":{"rendered":"https:\/\/katarzynapisarek.pl\/?page_id=134"},"modified":"2024-06-20T14:15:30","modified_gmt":"2024-06-20T14:15:30","slug":"konwersacje-online","status":"publish","type":"page","link":"https:\/\/katarzynapisarek.pl\/pl\/konwersacje-online\/","title":{"rendered":"Konwersacje Online"},"content":{"rendered":"<div class=\"wp-block-image\">\n<figure class=\"aligncenter size-large is-resized\"><img loading=\"lazy\" decoding=\"async\" width=\"1024\" height=\"683\" src=\"https:\/\/katarzynapisarek.pl\/wp-content\/uploads\/2022\/09\/kawa-i-ksiazka-1024x683.jpg\" alt=\"\" class=\"wp-image-138\" style=\"width:488px;height:325px\" srcset=\"https:\/\/katarzynapisarek.pl\/wp-content\/uploads\/2022\/09\/kawa-i-ksiazka-1024x683.jpg 1024w, https:\/\/katarzynapisarek.pl\/wp-content\/uploads\/2022\/09\/kawa-i-ksiazka-300x200.jpg 300w, https:\/\/katarzynapisarek.pl\/wp-content\/uploads\/2022\/09\/kawa-i-ksiazka-768x512.jpg 768w, https:\/\/katarzynapisarek.pl\/wp-content\/uploads\/2022\/09\/kawa-i-ksiazka-1536x1024.jpg 1536w, https:\/\/katarzynapisarek.pl\/wp-content\/uploads\/2022\/09\/kawa-i-ksiazka-2048x1365.jpg 2048w, https:\/\/katarzynapisarek.pl\/wp-content\/uploads\/2022\/09\/kawa-i-ksiazka-18x12.jpg 18w\" sizes=\"(max-width: 1024px) 100vw, 1024px\" \/><\/figure><\/div>\n\n\n<p class=\"has-medium-font-size\">W odpowiedzi na liczne zapytania i zach\u0119ty postanowi\u0142am rozszerzy\u0107 moj\u0105 dzia\u0142alno\u015b\u0107 i podzieli\u0107 si\u0119 z Pa\u0144stwem tym, co umiem i lubi\u0119 robi\u0107. W zwi\u0105zku z tym oferuj\u0119 godzinne lekcje niemieckiego online na ka\u017cdym poziomie j\u0119zykowym.<br><\/p>\n\n\n\n<p class=\"has-medium-font-size\">Proponuj\u0119 zaj\u0119cia dostosowane do Pa\u0144stwa potrzeb.<br>Zaj\u0119cia j\u0119zykowe w formule jeden na jeden przynosz\u0105 wiele korzy\u015bci, m.in.:<\/p>\n\n\n\n<ul>\n<li class=\"has-medium-font-size\">pomagaj\u0105 od\u015bwie\u017cy\u0107 znajomo\u015b\u0107 j\u0119zyka po d\u0142u\u017cszej przerwie,<\/li>\n\n\n\n<li class=\"has-medium-font-size\">pozbawiaj\u0105 zahamowa\u0144 w codziennym u\u017cywaniu j\u0119zyka obcego (najcz\u0119stszy problem ucz\u0105cych si\u0119),<\/li>\n\n\n\n<li class=\"has-medium-font-size\">poprawiaj\u0105 p\u0142ynno\u015b\u0107 j\u0119zykow\u0105,<\/li>\n\n\n\n<li class=\"has-medium-font-size\">s\u0105 po\u015bwi\u0119cone wy\u0142\u0105cznie Pa\u0144stwu,<\/li>\n\n\n\n<li class=\"has-medium-font-size\">daj\u0105 nauczycielowi mo\u017cliwo\u015b\u0107 szybkiego spostrze\u017cenia g\u0142\u00f3wnych k\u0142opot\u00f3w ucz\u0105cego si\u0119 i odpowiedniej reakcji,<\/li>\n\n\n\n<li class=\"has-medium-font-size\">poprawiaj\u0105 j\u0119zykow\u0105 pewno\u015b\u0107 siebie.<\/li>\n<\/ul>\n\n\n\n<p class=\"has-medium-font-size\">Takie zwyczajne rozmowy na codzienne tematy s\u0105 esencj\u0105 skutecznego nauczania j\u0119zyka obcego.<br><strong>Serdecznie zapraszam!<\/strong><\/p>\n","protected":false},"excerpt":{"rendered":"<p>W odpowiedzi na liczne zapytania i zach\u0119ty postanowi\u0142am rozszerzy\u0107 moj\u0105 dzia\u0142alno\u015b\u0107 i podzieli\u0107 si\u0119 z Pa\u0144stwem tym, co umiem i lubi\u0119 robi\u0107. W zwi\u0105zku z tym oferuj\u0119 godzinne lekcje niemieckiego online na ka\u017cdym poziomie j\u0119zykowym. Proponuj\u0119 zaj\u0119cia dostosowane do Pa\u0144stwa potrzeb.Zaj\u0119cia j\u0119zykowe w formule jeden na jeden przynosz\u0105 wiele korzy\u015bci, m.in.: Takie zwyczajne rozmowy na codzienne tematy s\u0105 esencj\u0105 skutecznego nauczania j\u0119zyka obcego.Serdecznie zapraszam!<\/p>\n","protected":false},"author":1,"featured_media":0,"parent":0,"menu_order":0,"comment_status":"closed","ping_status":"closed","template":"","meta":{"footnotes":""},"_links":{"self":[{"href":"https:\/\/katarzynapisarek.pl\/pl\/wp-json\/wp\/v2\/pages\/134"}],"collection":[{"href":"https:\/\/katarzynapisarek.pl\/pl\/wp-json\/wp\/v2\/pages"}],"about":[{"href":"https:\/\/katarzynapisarek.pl\/pl\/wp-json\/wp\/v2\/types\/page"}],"author":[{"embeddable":true,"href":"https:\/\/katarzynapisarek.pl\/pl\/wp-json\/wp\/v2\/users\/1"}],"replies":[{"embeddable":true,"href":"https:\/\/katarzynapisarek.pl\/pl\/wp-json\/wp\/v2\/comments?post=134"}],"version-history":[{"count":13,"href":"https:\/\/katarzynapisarek.pl\/pl\/wp-json\/wp\/v2\/pages\/134\/revisions"}],"predecessor-version":[{"id":240,"href":"https:\/\/katarzynapisarek.pl\/pl\/wp-json\/wp\/v2\/pages\/134\/revisions\/240"}],"wp:attachment":[{"href":"https:\/\/katarzynapisarek.pl\/pl\/wp-json\/wp\/v2\/media?parent=134"}],"curies":[{"name":"wp","href":"https:\/\/api.w.org\/{rel}","templated":true}]}}