{"id":8,"date":"2022-01-17T20:58:20","date_gmt":"2022-01-17T20:58:20","guid":{"rendered":"https:\/\/katarzynapisarek.pl\/?page_id=8"},"modified":"2025-02-14T14:25:01","modified_gmt":"2025-02-14T13:25:01","slug":"tlumaczenia","status":"publish","type":"page","link":"https:\/\/katarzynapisarek.pl\/pl\/tlumaczenia\/","title":{"rendered":"Oferta"},"content":{"rendered":"\n<p class=\"has-medium-font-size\">Oferuj\u0119 <strong>t\u0142umaczenia zwyk\u0142e<\/strong> oraz <strong>uwierzytelnione<\/strong> z j\u0119zyka niemieckiego. T\u0142umacz\u0119:<\/p>\n\n\n\n<p class=\"has-medium-font-size\"><strong>\u2713<\/strong> dokumenty korporacyjne,<br><strong>\u2713<\/strong> dokumenty do rejestracji pojazdu,<br><strong>\u2713<\/strong> umowy i porozumienia,<br><strong>\u2713<\/strong> pisma procesowe,<br><strong>\u2713<\/strong> akty notarialne,<br><strong>\u2713<\/strong> pe\u0142nomocnictwa,<br><strong>\u2713<\/strong> raporty due diligence,<br><strong>\u2713<\/strong> sprawozdania finansowe,<br><strong>\u2713<\/strong> opinie prawne i rzeczoznawcze.<\/p>\n\n\n\n<p class=\"has-medium-font-size\">Oferuj\u0119 tak\u017ce <strong>t\u0142umaczenia ustne<\/strong> podczas:<\/p>\n\n\n\n<p class=\"has-medium-font-size\"><strong>\u2713<\/strong> negocjacji handlowych,<br><strong>\u2713<\/strong> czynno\u015bci notarialnych,<br><strong>\u2713<\/strong> rozpraw s\u0105dowych,<br><strong>\u2713<\/strong> spotka\u0144 biznesowych.<\/p>\n","protected":false},"excerpt":{"rendered":"<p>Oferuj\u0119 t\u0142umaczenia zwyk\u0142e oraz uwierzytelnione z j\u0119zyka niemieckiego. T\u0142umacz\u0119: \u2713 dokumenty korporacyjne,\u2713 dokumenty do rejestracji pojazdu,\u2713 umowy i porozumienia,\u2713 pisma procesowe,\u2713 akty notarialne,\u2713 pe\u0142nomocnictwa,\u2713 raporty due diligence,\u2713 sprawozdania finansowe,\u2713 opinie prawne i rzeczoznawcze. Oferuj\u0119 tak\u017ce t\u0142umaczenia ustne podczas: \u2713 negocjacji handlowych,\u2713 czynno\u015bci notarialnych,\u2713 rozpraw s\u0105dowych,\u2713 spotka\u0144 biznesowych.<\/p>\n","protected":false},"author":1,"featured_media":0,"parent":0,"menu_order":0,"comment_status":"closed","ping_status":"closed","template":"","meta":{"footnotes":""},"_links":{"self":[{"href":"https:\/\/katarzynapisarek.pl\/pl\/wp-json\/wp\/v2\/pages\/8"}],"collection":[{"href":"https:\/\/katarzynapisarek.pl\/pl\/wp-json\/wp\/v2\/pages"}],"about":[{"href":"https:\/\/katarzynapisarek.pl\/pl\/wp-json\/wp\/v2\/types\/page"}],"author":[{"embeddable":true,"href":"https:\/\/katarzynapisarek.pl\/pl\/wp-json\/wp\/v2\/users\/1"}],"replies":[{"embeddable":true,"href":"https:\/\/katarzynapisarek.pl\/pl\/wp-json\/wp\/v2\/comments?post=8"}],"version-history":[{"count":9,"href":"https:\/\/katarzynapisarek.pl\/pl\/wp-json\/wp\/v2\/pages\/8\/revisions"}],"predecessor-version":[{"id":297,"href":"https:\/\/katarzynapisarek.pl\/pl\/wp-json\/wp\/v2\/pages\/8\/revisions\/297"}],"wp:attachment":[{"href":"https:\/\/katarzynapisarek.pl\/pl\/wp-json\/wp\/v2\/media?parent=8"}],"curies":[{"name":"wp","href":"https:\/\/api.w.org\/{rel}","templated":true}]}}